{"id":4782,"date":"2022-01-26T09:48:07","date_gmt":"2022-01-26T08:48:07","guid":{"rendered":"https:\/\/ladymsardegna.com\/?post_type=product&#038;p=4782"},"modified":"2024-04-12T19:26:20","modified_gmt":"2024-04-12T17:26:20","slug":"granada-alemana-m24-a-1915","status":"publish","type":"product","link":"https:\/\/www.ladymsardegna.com\/es\/negozio\/repliche-armi\/accessori\/granata-tedesca-m24-a-1915\/","title":{"rendered":"Granada alemana M24-A 1915"},"content":{"rendered":"<p>Granada M-24 Stielhandgranate, Alemania (Utilizada en la Primera y Segunda Guerra Mundial).<\/p>\n<p>La granada de mango se introdujo en 1915 y su dise\u00f1o se desarroll\u00f3 durante la Primera Guerra Mundial.<\/p>\n<p>El detonador era accionado por fricci\u00f3n. Este m\u00e9todo era poco com\u00fan en otros pa\u00edses, pero muy utilizado en las granadas alemanas.<\/p>","protected":false},"excerpt":{"rendered":"<p>Granada alemana :<\/p>\n<ul>\n<li>de metal y madera<\/li>\n<li>dimensiones 35 cm<\/li>\n<li>manualidades<\/li>\n<li>peso 550 g<\/li>\n<li>DIMENSIONES REALES 1:1<\/li>\n<li>En su caja original<\/li>\n<li>Producci\u00f3n Denix Made in spain<\/li>\n<li>MARAVILLOSAS R\u00c9PLICAS INERTES, CON PESO Y DIMENSIONES REALES, MECANISMOS DE FUNCIONAMIENTO,<\/li>\n<li>CONSTRUIDOS CON MATERIALES SIMILARES A LOS ORIGINALES<\/li>\n<\/ul>","protected":false},"featured_media":4834,"comment_status":"open","ping_status":"closed","template":"","meta":[],"product_cat":[86,80],"product_tag":[84],"class_list":{"0":"post-4782","1":"product","2":"type-product","3":"status-publish","4":"has-post-thumbnail","6":"product_brand-denix","7":"product_cat-accessori","8":"product_cat-repliche-armi","9":"product_tag-denix","11":"first","12":"instock","13":"shipping-taxable","14":"purchasable","15":"product-type-simple","16":"col-xs-6 col-sm-4","17":"col-md-3 col-lg-3","18":"un-4-cols"},"_links":{"self":[{"href":"https:\/\/www.ladymsardegna.com\/es\/wp-json\/wp\/v2\/product\/4782","targetHints":{"allow":["GET"]}}],"collection":[{"href":"https:\/\/www.ladymsardegna.com\/es\/wp-json\/wp\/v2\/product"}],"about":[{"href":"https:\/\/www.ladymsardegna.com\/es\/wp-json\/wp\/v2\/types\/product"}],"replies":[{"embeddable":true,"href":"https:\/\/www.ladymsardegna.com\/es\/wp-json\/wp\/v2\/comments?post=4782"}],"wp:featuredmedia":[{"embeddable":true,"href":"https:\/\/www.ladymsardegna.com\/es\/wp-json\/wp\/v2\/media\/4834"}],"wp:attachment":[{"href":"https:\/\/www.ladymsardegna.com\/es\/wp-json\/wp\/v2\/media?parent=4782"}],"wp:term":[{"taxonomy":"product_cat","embeddable":true,"href":"https:\/\/www.ladymsardegna.com\/es\/wp-json\/wp\/v2\/product_cat?post=4782"},{"taxonomy":"product_tag","embeddable":true,"href":"https:\/\/www.ladymsardegna.com\/es\/wp-json\/wp\/v2\/product_tag?post=4782"}],"curies":[{"name":"wp","href":"https:\/\/api.w.org\/{rel}","templated":true}]}}