{"id":4775,"date":"2022-01-26T09:48:06","date_gmt":"2022-01-26T08:48:06","guid":{"rendered":"https:\/\/ladymsardegna.com\/?post_type=product&#038;p=4775"},"modified":"2024-04-12T19:32:47","modified_gmt":"2024-04-12T17:32:47","slug":"revolver-ingles-de-caja-de-pimienta-ano-1840","status":"publish","type":"product","link":"https:\/\/www.ladymsardegna.com\/es\/negozio\/repliche-armi\/pepper-box-revolver-inglese-anno-1840\/","title":{"rendered":"Rev\u00f3lver Pepper-Box Ingl\u00e9s a\u00f1o 1840"},"content":{"rendered":"<p style=\"text-align: left;\">R\u00e9plica de rev\u00f3lver de 6 ca\u00f1ones de pimienta de metal y mango de madera con mecanismo de disparo y ca\u00f1\u00f3n giratorio.<\/p>\n<p style=\"text-align: left;\">El pimentero, tambi\u00e9n llamado pimentero o pimentero (por su parecido con un molinillo de pimienta), es un arma de repetici\u00f3n de ca\u00f1ones m\u00faltiples que tiene tres o m\u00e1s ca\u00f1ones alineados alrededor de un eje central.<\/p>\n<p style=\"text-align: left;\">A menudo se presenta como una pistola de varios disparos. Existen con todos los sistemas de disparo: mecha, rueda, chispa, percusi\u00f3n, Lefaucheux, anillo y cartuchos de percusi\u00f3n central.<\/p>\n<p style=\"text-align: left;\">El pimentero se invent\u00f3 en la d\u00e9cada de 1830 y estaba destinado principalmente al mercado civil. Su ocupaci\u00f3n se extendi\u00f3 r\u00e1pidamente y en 1830 ya era popular en Estados Unidos.<\/p>","protected":false},"excerpt":{"rendered":"<p>Pistola Rev\u00f3lver Ingl\u00e9s 1840 :<\/p>\n<ul>\n<li>De metal y madera<\/li>\n<li>Dimensiones 22,5 cm<\/li>\n<li>Tratamiento manual<\/li>\n<li>Peso 968 g<\/li>\n<li>DIMENSIONES REALES 1:1<\/li>\n<li>En su caja original<\/li>\n<li>Producci\u00f3n Denix Made in spain<\/li>\n<\/ul>\n<p>&nbsp;<\/p>\n<p>&nbsp;<\/p>","protected":false},"featured_media":4815,"comment_status":"open","ping_status":"closed","template":"","meta":[],"product_cat":[80,81],"product_tag":[],"class_list":{"0":"post-4775","1":"product","2":"type-product","3":"status-publish","4":"has-post-thumbnail","6":"product_brand-denix","7":"product_cat-repliche-armi","8":"product_cat-pistola","10":"first","11":"instock","12":"shipping-taxable","13":"purchasable","14":"product-type-simple","15":"col-xs-6 col-sm-4","16":"col-md-3 col-lg-3","17":"un-4-cols"},"_links":{"self":[{"href":"https:\/\/www.ladymsardegna.com\/es\/wp-json\/wp\/v2\/product\/4775","targetHints":{"allow":["GET"]}}],"collection":[{"href":"https:\/\/www.ladymsardegna.com\/es\/wp-json\/wp\/v2\/product"}],"about":[{"href":"https:\/\/www.ladymsardegna.com\/es\/wp-json\/wp\/v2\/types\/product"}],"replies":[{"embeddable":true,"href":"https:\/\/www.ladymsardegna.com\/es\/wp-json\/wp\/v2\/comments?post=4775"}],"wp:featuredmedia":[{"embeddable":true,"href":"https:\/\/www.ladymsardegna.com\/es\/wp-json\/wp\/v2\/media\/4815"}],"wp:attachment":[{"href":"https:\/\/www.ladymsardegna.com\/es\/wp-json\/wp\/v2\/media?parent=4775"}],"wp:term":[{"taxonomy":"product_cat","embeddable":true,"href":"https:\/\/www.ladymsardegna.com\/es\/wp-json\/wp\/v2\/product_cat?post=4775"},{"taxonomy":"product_tag","embeddable":true,"href":"https:\/\/www.ladymsardegna.com\/es\/wp-json\/wp\/v2\/product_tag?post=4775"}],"curies":[{"name":"wp","href":"https:\/\/api.w.org\/{rel}","templated":true}]}}