{"id":19780,"date":"2026-02-13T22:17:23","date_gmt":"2026-02-13T21:17:23","guid":{"rendered":"https:\/\/ladymsardegna.com\/?post_type=product&#038;p=19780"},"modified":"2026-02-13T22:18:35","modified_gmt":"2026-02-13T21:18:35","slug":"coltello-artiginale-portachiavi-lamatta-pintus-corno-di-bue-grezzo-135cm-3","status":"publish","type":"product","link":"https:\/\/www.ladymsardegna.com\/es\/negozio\/coltelli-sardi\/lametta\/coltello-artiginale-portachiavi-lamatta-pintus-corno-di-bue-grezzo-135cm-3\/","title":{"rendered":"Coltello Artiginale portachiavi Lamatta Pintus Corno Di Bue Grezzo (13,5CM)"},"content":{"rendered":"<div style=\"width: 478px;\" class=\"wp-video\"><video class=\"wp-video-shortcode\" id=\"video-19780-1\" width=\"478\" height=\"850\" preload=\"metadata\" controls=\"controls\"><source type=\"video\/mp4\" src=\"https:\/\/ladymsardegna.com\/wp-content\/uploads\/2026\/02\/WhatsApp-Video-2026-02-10-at-17.08.28.mp4?_=1\" \/><a href=\"https:\/\/ladymsardegna.com\/wp-content\/uploads\/2026\/02\/WhatsApp-Video-2026-02-10-at-17.08.28.mp4\">https:\/\/ladymsardegna.com\/wp-content\/uploads\/2026\/02\/WhatsApp-Video-2026-02-10-at-17.08.28.mp4<\/a><\/video><\/div>\n<p><img fetchpriority=\"high\" decoding=\"async\" class=\"alignnone size-medium wp-image-19715\" src=\"https:\/\/ladymsardegna.com\/wp-content\/uploads\/2026\/02\/logo-ladym-sardegna-full-300x258.jpg\" alt=\"\" width=\"300\" height=\"258\" title=\"\" srcset=\"https:\/\/www.ladymsardegna.com\/wp-content\/uploads\/2026\/02\/logo-ladym-sardegna-full-300x258.jpg 300w, https:\/\/www.ladymsardegna.com\/wp-content\/uploads\/2026\/02\/logo-ladym-sardegna-full-14x12.jpg 14w, https:\/\/www.ladymsardegna.com\/wp-content\/uploads\/2026\/02\/logo-ladym-sardegna-full-370x318.jpg 370w, https:\/\/www.ladymsardegna.com\/wp-content\/uploads\/2026\/02\/logo-ladym-sardegna-full.jpg 400w\" sizes=\"(max-width: 300px) 100vw, 300px\" \/><\/p>\n<p><strong>Cuchillo de minero<\/strong><\/p>\n<p>En 1908, el gobierno no permit\u00eda el uso de cuchillos con una punta superior a cuatro cent\u00edmetros, mientras que el cuchillo de hoja roma pod\u00eda medir hasta diez cent\u00edmetros. La guspinesa era \u00fatil para untar queso, cortar salchichas o pelar cardos, pero no como arma durante las peleas que estallaban en las minas. As\u00ed, el cuchillo se convirti\u00f3 en el fiel compa\u00f1ero de los mineros de las tierras de Guspini, Montevecchio, Ingurtosu y Arbus o de los pastores que cuidaban sus reba\u00f1os de ovejas en soledad.<\/p>\n<p>El objeto en venta es:<\/p>\n<p>original<\/p>\n<p>completo con caja y garant\u00eda si procede<\/p>\n<p>acompa\u00f1ado de un recibo o factura, previa solicitud<\/p>","protected":false},"excerpt":{"rendered":"<p><strong>Cuchillo Navaja pintus :<\/strong><\/p>\n<ul>\n<li>Hoja de acero MA 5M<\/li>\n<li>Mango de cuerno de buey en bruto<\/li>\n<li>Dimensioni totali 13,5 cm lama 5,5 cm<\/li>\n<li>Collar\u00edn de lat\u00f3n<\/li>\n<li>A petici\u00f3n, grabado gratuito en la hoja seg\u00fan la imagen<\/li>\n<\/ul>","protected":false},"featured_media":19781,"comment_status":"open","ping_status":"closed","template":"","meta":[],"product_cat":[122,273],"product_tag":[274],"class_list":{"0":"post-19780","1":"product","2":"type-product","3":"status-publish","4":"has-post-thumbnail","6":"product_cat-coltelli-sardi","7":"product_cat-lametta","8":"product_tag-lametta","9":"wcpa_has_options","11":"first","12":"instock","13":"shipping-taxable","14":"purchasable","15":"product-type-simple","16":"col-xs-6 col-sm-4","17":"col-md-3 col-lg-3","18":"un-4-cols"},"_links":{"self":[{"href":"https:\/\/www.ladymsardegna.com\/es\/wp-json\/wp\/v2\/product\/19780","targetHints":{"allow":["GET"]}}],"collection":[{"href":"https:\/\/www.ladymsardegna.com\/es\/wp-json\/wp\/v2\/product"}],"about":[{"href":"https:\/\/www.ladymsardegna.com\/es\/wp-json\/wp\/v2\/types\/product"}],"replies":[{"embeddable":true,"href":"https:\/\/www.ladymsardegna.com\/es\/wp-json\/wp\/v2\/comments?post=19780"}],"wp:featuredmedia":[{"embeddable":true,"href":"https:\/\/www.ladymsardegna.com\/es\/wp-json\/wp\/v2\/media\/19781"}],"wp:attachment":[{"href":"https:\/\/www.ladymsardegna.com\/es\/wp-json\/wp\/v2\/media?parent=19780"}],"wp:term":[{"taxonomy":"product_cat","embeddable":true,"href":"https:\/\/www.ladymsardegna.com\/es\/wp-json\/wp\/v2\/product_cat?post=19780"},{"taxonomy":"product_tag","embeddable":true,"href":"https:\/\/www.ladymsardegna.com\/es\/wp-json\/wp\/v2\/product_tag?post=19780"}],"curies":[{"name":"wp","href":"https:\/\/api.w.org\/{rel}","templated":true}]}}