{"id":18869,"date":"2025-09-15T18:39:37","date_gmt":"2025-09-15T16:39:37","guid":{"rendered":"https:\/\/ladymsardegna.com\/?post_type=product&#038;p=18869"},"modified":"2025-09-15T18:42:26","modified_gmt":"2025-09-15T16:42:26","slug":"coltello-foggia-antica-damasco-manico-in-corno-di-muflone-coltello-storico-sardo-24cm-4","status":"publish","type":"product","link":"https:\/\/www.ladymsardegna.com\/es\/negozio\/coltelli-sardi\/foggia-antica\/coltello-foggia-antica-damasco-manico-in-corno-di-muflone-coltello-storico-sardo-24cm-4\/","title":{"rendered":"Cuchillo damasco Foggia Antica Muflone mango de cuerno Cuchillo hist\u00f3rico sardo (24cm)"},"content":{"rendered":"<p><strong>\u00a0Cuchillo antiguo<\/strong><\/p>\n<p>Este modelo representa un modelo sardo hist\u00f3rico, anterior al cuchillo pattada, m\u00e1s extendido.<br \/>\nAlgunos modelos ten\u00edan una amplia hoja de laurel y se encontraban entre los cuchillos m\u00e1s populares en Cerde\u00f1a durante el siglo XIX.<\/p>\n<p>Cuchillo fabricado con diversos materiales, para la hoja y el mango, cuerno de buey o de mufl\u00f3n, hoja de carbono o damasco.<\/p>\n<p>&nbsp;<\/p>\n<p>&nbsp;<\/p>","protected":false},"excerpt":{"rendered":"<p><strong>Cuchillo antiguo :<\/strong><\/p>\n<ul>\n<li>Hoja Damasco 512-ply HCR 56<\/li>\n<li>Mango de cuerno de mufl\u00f3n en bruto<\/li>\n<li>Dimensiones totales 24 cm hoja 10 cm<\/li>\n<li>Collar de acero con avefr\u00eda grabada<\/li>\n<li>Funda de cuero<\/li>\n<li>su richiesta incisione gratuita come da immagine<\/li>\n<\/ul>","protected":false},"featured_media":18870,"comment_status":"open","ping_status":"closed","template":"","meta":[],"product_cat":[122,420],"product_tag":[286],"class_list":{"0":"post-18869","1":"product","2":"type-product","3":"status-publish","4":"has-post-thumbnail","6":"product_cat-coltelli-sardi","7":"product_cat-foggia-antica","8":"product_tag-coltello-sardo","9":"wcpa_has_options","11":"first","12":"instock","13":"sale","14":"shipping-taxable","15":"purchasable","16":"product-type-simple","17":"col-xs-6 col-sm-4","18":"col-md-3 col-lg-3","19":"un-4-cols"},"_links":{"self":[{"href":"https:\/\/www.ladymsardegna.com\/es\/wp-json\/wp\/v2\/product\/18869","targetHints":{"allow":["GET"]}}],"collection":[{"href":"https:\/\/www.ladymsardegna.com\/es\/wp-json\/wp\/v2\/product"}],"about":[{"href":"https:\/\/www.ladymsardegna.com\/es\/wp-json\/wp\/v2\/types\/product"}],"replies":[{"embeddable":true,"href":"https:\/\/www.ladymsardegna.com\/es\/wp-json\/wp\/v2\/comments?post=18869"}],"wp:featuredmedia":[{"embeddable":true,"href":"https:\/\/www.ladymsardegna.com\/es\/wp-json\/wp\/v2\/media\/18870"}],"wp:attachment":[{"href":"https:\/\/www.ladymsardegna.com\/es\/wp-json\/wp\/v2\/media?parent=18869"}],"wp:term":[{"taxonomy":"product_cat","embeddable":true,"href":"https:\/\/www.ladymsardegna.com\/es\/wp-json\/wp\/v2\/product_cat?post=18869"},{"taxonomy":"product_tag","embeddable":true,"href":"https:\/\/www.ladymsardegna.com\/es\/wp-json\/wp\/v2\/product_tag?post=18869"}],"curies":[{"name":"wp","href":"https:\/\/api.w.org\/{rel}","templated":true}]}}