{"id":18772,"date":"2025-08-09T19:08:16","date_gmt":"2025-08-09T17:08:16","guid":{"rendered":"https:\/\/ladymsardegna.com\/?post_type=product&#038;p=18772"},"modified":"2025-08-10T17:08:21","modified_gmt":"2025-08-10T15:08:21","slug":"maschera-mamuthones-lunga-in-legno-da-parete-in-5-dimensioni","status":"publish","type":"product","link":"https:\/\/www.ladymsardegna.com\/es\/negozio\/maschera-sarda\/maschera-mamuthones-lunga-in-legno-da-parete-in-5-dimensioni\/","title":{"rendered":"Maschera Mamuthones Lunga in legno da parete in 5 dimensioni"},"content":{"rendered":"<p>M\u00e1scara decorativa t\u00edpica de Cerde\u00f1a mamuthones<\/p>\n<p>El objeto en venta es:<\/p>\n<p>original<\/p>\n<p>completo con caja y garant\u00eda si procede<\/p>\n<p>acompa\u00f1ado de un recibo o factura, previa solicitud<\/p>","protected":false},"excerpt":{"rendered":"<p><strong>Maschera Mamuthones Lunga :<\/strong><\/p>\n<ul>\n<li>De madera tallada<\/li>\n<li>Cord\u00f3n de cuero para colgar<\/li>\n<li>Tratamiento manual<\/li>\n<\/ul>","protected":false},"featured_media":18778,"comment_status":"open","ping_status":"closed","template":"","meta":[],"product_cat":[449],"product_tag":[],"class_list":{"0":"post-18772","1":"product","2":"type-product","3":"status-publish","4":"has-post-thumbnail","6":"product_cat-maschera-sarda","8":"first","9":"instock","10":"shipping-taxable","11":"purchasable","12":"product-type-variable","13":"col-xs-6 col-sm-4","14":"col-md-3 col-lg-3","15":"un-4-cols"},"_links":{"self":[{"href":"https:\/\/www.ladymsardegna.com\/es\/wp-json\/wp\/v2\/product\/18772","targetHints":{"allow":["GET"]}}],"collection":[{"href":"https:\/\/www.ladymsardegna.com\/es\/wp-json\/wp\/v2\/product"}],"about":[{"href":"https:\/\/www.ladymsardegna.com\/es\/wp-json\/wp\/v2\/types\/product"}],"replies":[{"embeddable":true,"href":"https:\/\/www.ladymsardegna.com\/es\/wp-json\/wp\/v2\/comments?post=18772"}],"wp:featuredmedia":[{"embeddable":true,"href":"https:\/\/www.ladymsardegna.com\/es\/wp-json\/wp\/v2\/media\/18778"}],"wp:attachment":[{"href":"https:\/\/www.ladymsardegna.com\/es\/wp-json\/wp\/v2\/media?parent=18772"}],"wp:term":[{"taxonomy":"product_cat","embeddable":true,"href":"https:\/\/www.ladymsardegna.com\/es\/wp-json\/wp\/v2\/product_cat?post=18772"},{"taxonomy":"product_tag","embeddable":true,"href":"https:\/\/www.ladymsardegna.com\/es\/wp-json\/wp\/v2\/product_tag?post=18772"}],"curies":[{"name":"wp","href":"https:\/\/api.w.org\/{rel}","templated":true}]}}