{"id":18351,"date":"2025-06-10T11:44:24","date_gmt":"2025-06-10T09:44:24","guid":{"rendered":"https:\/\/ladymsardegna.com\/?post_type=product&#038;p=18351"},"modified":"2026-04-08T17:59:34","modified_gmt":"2026-04-08T15:59:34","slug":"coltello-lametta-galluresa-corno-di-muflone-grezzo-18cm","status":"publish","type":"product","link":"https:\/\/www.ladymsardegna.com\/es\/negozio\/coltelli-sardi\/lametta\/coltello-lametta-galluresa-corno-di-muflone-grezzo-18cm\/","title":{"rendered":"Coltello Lametta galluresa Corno Di muflone Grezzo (17,5cm)"},"content":{"rendered":"<p>&nbsp;<\/p>\n<p><strong>Cuchillo de minero o galluresa<\/strong><\/p>\n<p>En 1908, el gobierno no permit\u00eda el uso de cuchillos con una punta superior a cuatro cent\u00edmetros, mientras que el cuchillo de hoja roma pod\u00eda medir hasta diez cent\u00edmetros. La guspinesa era \u00fatil para untar queso, cortar salchichas o pelar cardos, pero no como arma durante las peleas que estallaban en las minas. As\u00ed, el cuchillo se convirti\u00f3 en el fiel compa\u00f1ero de los mineros de las tierras de Guspini, Montevecchio, Ingurtosu y Arbus o de los pastores que cuidaban sus reba\u00f1os de ovejas en soledad.<\/p>\n<p>El objeto en venta es:<\/p>\n<p>original<\/p>\n<p>completo con caja y garant\u00eda si procede<\/p>\n<p>acompa\u00f1ado de un recibo o factura, previa solicitud<\/p>","protected":false},"excerpt":{"rendered":"<p>&nbsp;<\/p>\n<p><strong>\u00a0Navaja Galluresa : art 1<\/strong><\/p>\n<ul>\n<li>Hoja de acero<\/li>\n<li>Mango de cuerno de mufl\u00f3n<\/li>\n<li>Dimensioni totali 18 cm lama 8 cm spessore 2 mm<\/li>\n<li>Collar de acero con avefr\u00eda grabada<\/li>\n<li>Funda de cuero<\/li>\n<li>A petici\u00f3n, grabado gratuito en la hoja seg\u00fan la imagen<\/li>\n<\/ul>","protected":false},"featured_media":20085,"comment_status":"open","ping_status":"closed","template":"","meta":[],"product_cat":[122,273],"product_tag":[274],"class_list":{"0":"post-18351","1":"product","2":"type-product","3":"status-publish","4":"has-post-thumbnail","6":"product_cat-coltelli-sardi","7":"product_cat-lametta","8":"product_tag-lametta","9":"wcpa_has_options","11":"first","12":"instock","13":"shipping-taxable","14":"purchasable","15":"product-type-simple","16":"col-xs-6 col-sm-4","17":"col-md-3 col-lg-3","18":"un-4-cols"},"_links":{"self":[{"href":"https:\/\/www.ladymsardegna.com\/es\/wp-json\/wp\/v2\/product\/18351","targetHints":{"allow":["GET"]}}],"collection":[{"href":"https:\/\/www.ladymsardegna.com\/es\/wp-json\/wp\/v2\/product"}],"about":[{"href":"https:\/\/www.ladymsardegna.com\/es\/wp-json\/wp\/v2\/types\/product"}],"replies":[{"embeddable":true,"href":"https:\/\/www.ladymsardegna.com\/es\/wp-json\/wp\/v2\/comments?post=18351"}],"wp:featuredmedia":[{"embeddable":true,"href":"https:\/\/www.ladymsardegna.com\/es\/wp-json\/wp\/v2\/media\/20085"}],"wp:attachment":[{"href":"https:\/\/www.ladymsardegna.com\/es\/wp-json\/wp\/v2\/media?parent=18351"}],"wp:term":[{"taxonomy":"product_cat","embeddable":true,"href":"https:\/\/www.ladymsardegna.com\/es\/wp-json\/wp\/v2\/product_cat?post=18351"},{"taxonomy":"product_tag","embeddable":true,"href":"https:\/\/www.ladymsardegna.com\/es\/wp-json\/wp\/v2\/product_tag?post=18351"}],"curies":[{"name":"wp","href":"https:\/\/api.w.org\/{rel}","templated":true}]}}