{"id":16367,"date":"2024-05-30T19:45:39","date_gmt":"2024-05-30T17:45:39","guid":{"rendered":"https:\/\/ladymsardegna.com\/?post_type=product&#038;p=16367"},"modified":"2026-03-25T11:46:26","modified_gmt":"2026-03-25T10:46:26","slug":"timone-in-legno-gigante-linea-mare-81-cm-da-parete1","status":"publish","type":"product","link":"https:\/\/www.ladymsardegna.com\/es\/negozio\/arredamento\/linea-mare\/timone-in-legno-gigante-linea-mare-81-cm-da-parete\/","title":{"rendered":"Tim\u00f3n de l\u00ednea de mar gigante de madera de 81 cm montado en la pared"},"content":{"rendered":"<p><b>tim\u00f3n decorativo<\/b><\/p>\n<p>El objeto en venta es:<\/p>\n<p>original<\/p>\n<p>nuevo<\/p>\n<p>acompa\u00f1ado de un recibo o factura, previa solicitud<\/p>","protected":false},"excerpt":{"rendered":"<p><strong>Tim\u00f3n mural decorativo<\/strong><\/p>\n<ul>\n<li>De madera<\/li>\n<li>Dimensiones 81 x 6 cm<\/li>\n<\/ul>","protected":false},"featured_media":16368,"comment_status":"open","ping_status":"closed","template":"","meta":[],"product_cat":[78,160],"product_tag":[],"class_list":{"0":"post-16367","1":"product","2":"type-product","3":"status-publish","4":"has-post-thumbnail","6":"product_cat-arredamento","7":"product_cat-linea-mare","9":"first","10":"instock","11":"shipping-taxable","12":"purchasable","13":"product-type-simple","14":"col-xs-6 col-sm-4","15":"col-md-3 col-lg-3","16":"un-4-cols"},"_links":{"self":[{"href":"https:\/\/www.ladymsardegna.com\/es\/wp-json\/wp\/v2\/product\/16367","targetHints":{"allow":["GET"]}}],"collection":[{"href":"https:\/\/www.ladymsardegna.com\/es\/wp-json\/wp\/v2\/product"}],"about":[{"href":"https:\/\/www.ladymsardegna.com\/es\/wp-json\/wp\/v2\/types\/product"}],"replies":[{"embeddable":true,"href":"https:\/\/www.ladymsardegna.com\/es\/wp-json\/wp\/v2\/comments?post=16367"}],"wp:featuredmedia":[{"embeddable":true,"href":"https:\/\/www.ladymsardegna.com\/es\/wp-json\/wp\/v2\/media\/16368"}],"wp:attachment":[{"href":"https:\/\/www.ladymsardegna.com\/es\/wp-json\/wp\/v2\/media?parent=16367"}],"wp:term":[{"taxonomy":"product_cat","embeddable":true,"href":"https:\/\/www.ladymsardegna.com\/es\/wp-json\/wp\/v2\/product_cat?post=16367"},{"taxonomy":"product_tag","embeddable":true,"href":"https:\/\/www.ladymsardegna.com\/es\/wp-json\/wp\/v2\/product_tag?post=16367"}],"curies":[{"name":"wp","href":"https:\/\/api.w.org\/{rel}","templated":true}]}}