{"id":15842,"date":"2024-01-22T13:55:02","date_gmt":"2024-01-22T12:55:02","guid":{"rendered":"https:\/\/ladymsardegna.com\/?post_type=product&#038;p=15842"},"modified":"2025-04-07T12:32:08","modified_gmt":"2025-04-07T10:32:08","slug":"1-juego-de-botones-de-traje-sardo-de-plata-dorada-con-granate","status":"publish","type":"product","link":"https:\/\/www.ladymsardegna.com\/es\/negozio\/gioielli-sardi\/filigrana-sarda-argento\/bottoni-sardi\/1-set-di-bottoni-per-costume-sardo-argento-dorato-con-granato\/","title":{"rendered":"1 set di Bottoni  per Costume Sardo Argento medio 1,5 cm con granato"},"content":{"rendered":"<p>Sas prendas, las joyas de Cerde\u00f1a<\/p>\n<p>Si se habla del traje tradicional sardo, no se puede dejar de mencionar las joyas. Verdaderos accesorios de la prenda, no se limitan a una mera funci\u00f3n ornamental sino que asumen papeles de necesidad; se convierten en complementos funcionales como botones, cremalleras, cinturones.<\/p>\n<p>En la joyer\u00eda artesanal sarda, el material m\u00e1s utilizado hist\u00f3ricamente es la plata. Adornada con piedras semipreciosas, corales, turquesas y obsidiana, trabajada en filigrana, se encontraba en la isla desde la antig\u00fcedad. Se han encontrado joyas y hebillas de filigrana de plata en yacimientos arqueol\u00f3gicos de toda Cerde\u00f1a.<\/p>","protected":false},"excerpt":{"rendered":"<p><strong>1 juego de botones de filigrana sarda :<\/strong><\/p>\n<ul>\n<li>Fabricado en plata 800<\/li>\n<li>Diametro 1,5 cm x 1,7 cm<\/li>\n<li>Gietra Granata<\/li>\n<\/ul>","protected":false},"featured_media":15843,"comment_status":"open","ping_status":"closed","template":"","meta":[],"product_cat":[452,104,77],"product_tag":[],"class_list":{"0":"post-15842","1":"product","2":"type-product","3":"status-publish","4":"has-post-thumbnail","6":"product_brand-filutrama","7":"product_cat-bottoni-sardi","8":"product_cat-filigrana-sarda-argento","9":"product_cat-gioielli-sardi","11":"first","12":"instock","13":"shipping-taxable","14":"purchasable","15":"product-type-variable","16":"col-xs-6 col-sm-4","17":"col-md-3 col-lg-3","18":"un-4-cols"},"_links":{"self":[{"href":"https:\/\/www.ladymsardegna.com\/es\/wp-json\/wp\/v2\/product\/15842","targetHints":{"allow":["GET"]}}],"collection":[{"href":"https:\/\/www.ladymsardegna.com\/es\/wp-json\/wp\/v2\/product"}],"about":[{"href":"https:\/\/www.ladymsardegna.com\/es\/wp-json\/wp\/v2\/types\/product"}],"replies":[{"embeddable":true,"href":"https:\/\/www.ladymsardegna.com\/es\/wp-json\/wp\/v2\/comments?post=15842"}],"wp:featuredmedia":[{"embeddable":true,"href":"https:\/\/www.ladymsardegna.com\/es\/wp-json\/wp\/v2\/media\/15843"}],"wp:attachment":[{"href":"https:\/\/www.ladymsardegna.com\/es\/wp-json\/wp\/v2\/media?parent=15842"}],"wp:term":[{"taxonomy":"product_cat","embeddable":true,"href":"https:\/\/www.ladymsardegna.com\/es\/wp-json\/wp\/v2\/product_cat?post=15842"},{"taxonomy":"product_tag","embeddable":true,"href":"https:\/\/www.ladymsardegna.com\/es\/wp-json\/wp\/v2\/product_tag?post=15842"}],"curies":[{"name":"wp","href":"https:\/\/api.w.org\/{rel}","templated":true}]}}