{"id":14396,"date":"2023-05-06T12:05:01","date_gmt":"2023-05-06T10:05:01","guid":{"rendered":"https:\/\/ladymsardegna.com\/?post_type=product&#038;p=14396"},"modified":"2023-05-06T12:29:52","modified_gmt":"2023-05-06T10:29:52","slug":"taburete-de-metal-contenedores-y-tapon-de-madera-de-cuerda-azul-3-tamanos","status":"publish","type":"product","link":"https:\/\/www.ladymsardegna.com\/es\/negozio\/arredamento\/linea-casa\/contenitori-da-sgabello-in-metallo-e-tappo-in-legno-corde-azzurro-3-dimensioni\/","title":{"rendered":"Taburete met\u00e1lico contenedores y cord\u00f3n madera tap\u00f3n azul claro 3 tama\u00f1os"},"content":{"rendered":"<p><b>Recipiente met\u00e1lico con tapa de madera<\/b><\/p>\n<p>El objeto en venta es:<\/p>\n<p>original<\/p>\n<p>nuevo<\/p>\n<p>acompa\u00f1ado de un recibo o factura, previa solicitud<\/p>","protected":false},"excerpt":{"rendered":"<p><strong>Recipiente con tapa :<\/strong><\/p>\n<ul>\n<li>De madera, metal y cuerdas<\/li>\n<li>Dimensiones Grande H 40 x 34 cm<\/li>\n<li>Dimensiones Mediana H 34 x 30 cm<\/li>\n<li>Dimensiones Peque\u00f1o H 27,5 x 25 cm<\/li>\n<li>Adecuado como contenedor o taburete<\/li>\n<\/ul>","protected":false},"featured_media":14400,"comment_status":"open","ping_status":"closed","template":"","meta":[],"product_cat":[78,79],"product_tag":[],"class_list":{"0":"post-14396","1":"product","2":"type-product","3":"status-publish","4":"has-post-thumbnail","6":"product_cat-arredamento","7":"product_cat-linea-casa","9":"first","10":"instock","11":"shipping-taxable","12":"purchasable","13":"product-type-variable","14":"col-xs-6 col-sm-4","15":"col-md-3 col-lg-3","16":"un-4-cols"},"_links":{"self":[{"href":"https:\/\/www.ladymsardegna.com\/es\/wp-json\/wp\/v2\/product\/14396","targetHints":{"allow":["GET"]}}],"collection":[{"href":"https:\/\/www.ladymsardegna.com\/es\/wp-json\/wp\/v2\/product"}],"about":[{"href":"https:\/\/www.ladymsardegna.com\/es\/wp-json\/wp\/v2\/types\/product"}],"replies":[{"embeddable":true,"href":"https:\/\/www.ladymsardegna.com\/es\/wp-json\/wp\/v2\/comments?post=14396"}],"wp:featuredmedia":[{"embeddable":true,"href":"https:\/\/www.ladymsardegna.com\/es\/wp-json\/wp\/v2\/media\/14400"}],"wp:attachment":[{"href":"https:\/\/www.ladymsardegna.com\/es\/wp-json\/wp\/v2\/media?parent=14396"}],"wp:term":[{"taxonomy":"product_cat","embeddable":true,"href":"https:\/\/www.ladymsardegna.com\/es\/wp-json\/wp\/v2\/product_cat?post=14396"},{"taxonomy":"product_tag","embeddable":true,"href":"https:\/\/www.ladymsardegna.com\/es\/wp-json\/wp\/v2\/product_tag?post=14396"}],"curies":[{"name":"wp","href":"https:\/\/api.w.org\/{rel}","templated":true}]}}