{"id":13487,"date":"2022-10-14T12:33:23","date_gmt":"2022-10-14T10:33:23","guid":{"rendered":"https:\/\/ladymsardegna.com\/?post_type=product&#038;p=13487"},"modified":"2025-07-19T11:05:41","modified_gmt":"2025-07-19T09:05:41","slug":"cuerno-de-buey-trompeta-llamada-januel-caza-2-tamanos","status":"publish","type":"product","link":"https:\/\/www.ladymsardegna.com\/es\/negozio\/oggetti-personali\/souvenir\/corno-di-bue-tromba-chiamata-januel-caccia-tracollo-2-misure\/","title":{"rendered":"Trompeta cuerno de buey Llamada Januel caza 2 tama\u00f1os"},"content":{"rendered":"<p><strong>Cencerro de metal con cord\u00f3n de cuero en tres tama\u00f1os\u00a0<\/strong><\/p>\n<p>El objeto en venta es:<\/p>\n<p>original<\/p>\n<p>nuevo<\/p>\n<p>acompa\u00f1ado de un recibo o factura, previa solicitud<\/p>","protected":false},"excerpt":{"rendered":"<p><strong>Llamada de bocina:<\/strong><\/p>\n<ul>\n<li>De aut\u00e9ntico cuerno de buey<\/li>\n<li>MA\u00cdZ RODANTE<\/li>\n<li>Tratamiento manual<\/li>\n<li>Talla 15 cm peque\u00f1a y 24 cm grande<\/li>\n<li>Colores de cuerno aleatorios al ser material natural<\/li>\n<\/ul>","protected":false},"featured_media":13490,"comment_status":"open","ping_status":"closed","template":"","meta":[],"product_cat":[219,247],"product_tag":[],"class_list":{"0":"post-13487","1":"product","2":"type-product","3":"status-publish","4":"has-post-thumbnail","6":"product_cat-oggetti-personali","7":"product_cat-souvenir","9":"first","10":"instock","11":"shipping-taxable","12":"purchasable","13":"product-type-variable","14":"col-xs-6 col-sm-4","15":"col-md-3 col-lg-3","16":"un-4-cols"},"_links":{"self":[{"href":"https:\/\/www.ladymsardegna.com\/es\/wp-json\/wp\/v2\/product\/13487","targetHints":{"allow":["GET"]}}],"collection":[{"href":"https:\/\/www.ladymsardegna.com\/es\/wp-json\/wp\/v2\/product"}],"about":[{"href":"https:\/\/www.ladymsardegna.com\/es\/wp-json\/wp\/v2\/types\/product"}],"replies":[{"embeddable":true,"href":"https:\/\/www.ladymsardegna.com\/es\/wp-json\/wp\/v2\/comments?post=13487"}],"wp:featuredmedia":[{"embeddable":true,"href":"https:\/\/www.ladymsardegna.com\/es\/wp-json\/wp\/v2\/media\/13490"}],"wp:attachment":[{"href":"https:\/\/www.ladymsardegna.com\/es\/wp-json\/wp\/v2\/media?parent=13487"}],"wp:term":[{"taxonomy":"product_cat","embeddable":true,"href":"https:\/\/www.ladymsardegna.com\/es\/wp-json\/wp\/v2\/product_cat?post=13487"},{"taxonomy":"product_tag","embeddable":true,"href":"https:\/\/www.ladymsardegna.com\/es\/wp-json\/wp\/v2\/product_tag?post=13487"}],"curies":[{"name":"wp","href":"https:\/\/api.w.org\/{rel}","templated":true}]}}