{"id":13266,"date":"2022-09-03T18:39:50","date_gmt":"2022-09-03T16:39:50","guid":{"rendered":"https:\/\/ladymsardegna.com\/?post_type=product&#038;p=13266"},"modified":"2026-01-09T20:27:39","modified_gmt":"2026-01-09T19:27:39","slug":"cencerro-mamuthones-cinturon-cuero-metal-campana-grande","status":"publish","type":"product","link":"https:\/\/www.ladymsardegna.com\/es\/negozio\/oggetti-personali\/souvenir\/campanaccio-mamuthones-cinghia-cuoio-metallo-campana-mucca-grande\/","title":{"rendered":"Cencerro mamuthones cintur\u00f3n cuero metal campana Grande"},"content":{"rendered":"<p><strong>Cencerro de metal con cord\u00f3n de cuero en tres tama\u00f1os\u00a0<\/strong><\/p>\n<p>El objeto en venta es:<\/p>\n<p>original<\/p>\n<p>nuevo<\/p>\n<p>acompa\u00f1ado de un recibo o factura, previa solicitud<\/p>","protected":false},"excerpt":{"rendered":"<p><strong>Cencerro de metal :<\/strong><\/p>\n<ul>\n<li>De metal<\/li>\n<li>Cintur\u00f3n de cuero con hebilla<\/li>\n<li>Tratamiento manual<\/li>\n<li>Tama\u00f1o 30 con cuero y x 9 cm la campana<\/li>\n<\/ul>","protected":false},"featured_media":13270,"comment_status":"open","ping_status":"closed","template":"","meta":[],"product_cat":[449,219,247],"product_tag":[299],"class_list":{"0":"post-13266","1":"product","2":"type-product","3":"status-publish","4":"has-post-thumbnail","6":"product_cat-maschera-sarda","7":"product_cat-oggetti-personali","8":"product_cat-souvenir","9":"product_tag-campanaccio","11":"first","12":"instock","13":"shipping-taxable","14":"purchasable","15":"product-type-simple","16":"col-xs-6 col-sm-4","17":"col-md-3 col-lg-3","18":"un-4-cols"},"_links":{"self":[{"href":"https:\/\/www.ladymsardegna.com\/es\/wp-json\/wp\/v2\/product\/13266","targetHints":{"allow":["GET"]}}],"collection":[{"href":"https:\/\/www.ladymsardegna.com\/es\/wp-json\/wp\/v2\/product"}],"about":[{"href":"https:\/\/www.ladymsardegna.com\/es\/wp-json\/wp\/v2\/types\/product"}],"replies":[{"embeddable":true,"href":"https:\/\/www.ladymsardegna.com\/es\/wp-json\/wp\/v2\/comments?post=13266"}],"wp:featuredmedia":[{"embeddable":true,"href":"https:\/\/www.ladymsardegna.com\/es\/wp-json\/wp\/v2\/media\/13270"}],"wp:attachment":[{"href":"https:\/\/www.ladymsardegna.com\/es\/wp-json\/wp\/v2\/media?parent=13266"}],"wp:term":[{"taxonomy":"product_cat","embeddable":true,"href":"https:\/\/www.ladymsardegna.com\/es\/wp-json\/wp\/v2\/product_cat?post=13266"},{"taxonomy":"product_tag","embeddable":true,"href":"https:\/\/www.ladymsardegna.com\/es\/wp-json\/wp\/v2\/product_tag?post=13266"}],"curies":[{"name":"wp","href":"https:\/\/api.w.org\/{rel}","templated":true}]}}