{"id":11803,"date":"2022-03-04T18:19:35","date_gmt":"2022-03-04T17:19:35","guid":{"rendered":"https:\/\/ladymsardegna.com\/?post_type=product&#038;p=11803"},"modified":"2025-02-17T07:58:25","modified_gmt":"2025-02-17T06:58:25","slug":"copa-de-licor-de-mirto-de-cerdena-y-corcho-de-domu-liquoreria-campidano-70-cl","status":"publish","type":"product","link":"https:\/\/www.ladymsardegna.com\/es\/negozio\/liquore-sardo\/liquore-di-mirto\/liquore-di-mirto-di-sardegna-vetro-e-sughero-de-domu-liquoreria-campidano-70-cl\/","title":{"rendered":"Lquore di Mirto di Sardegna vidrio y corcho De Domu Liquoreria Campidano 70 cl"},"content":{"rendered":"<p><strong>Mirto De Domu<\/strong><\/p>\n<p>Materias primas locales de la mejor calidad, elaboraci\u00f3n artesanal seg\u00fan antiguas recetas y una gran pasi\u00f3n por el arte de la licorer\u00eda: estos son los sencillos pero preciosos ingredientes que utilizamos para producir nuestros licores, buscados y demandados en los mejores restaurantes, vinotecas, hoteles y talleres artesanos. Quienes los degustan saborean tambi\u00e9n el aroma y el car\u00e1cter de Cerde\u00f1a. Esto los convierte en un regalo especial y un recuerdo que llevarse para quienes viajan y se alojan en nuestra isla. Un regalo a\u00fan m\u00e1s bonito gracias a las botellas y envases originales con elementos de artesan\u00eda sarda.<\/p>\n<p><img decoding=\"async\" class=\"alignnone size-full wp-image-11748\" src=\"https:\/\/ladymsardegna.com\/wp-content\/uploads\/2022\/02\/logo-1.png\" alt=\"\" width=\"250\" height=\"179\" title=\"\"><\/p>","protected":false},"excerpt":{"rendered":"<p><strong>Licor de mirto sardo:<\/strong><\/p>\n<ul>\n<li>Elaborado con bayas de mirto sardo<\/li>\n<li>Contenido 70 cl 30 % voltios<\/li>\n<li>Altura 33 x 8 cm tapa herm\u00e9tica<\/li>\n<li>Parte inferior forrada de corcho decorado<\/li>\n<\/ul>","protected":false},"featured_media":11804,"comment_status":"open","ping_status":"closed","template":"","meta":[],"product_cat":[319,318],"product_tag":[361],"class_list":{"0":"post-11803","1":"product","2":"type-product","3":"status-publish","4":"has-post-thumbnail","6":"product_brand-mirto-de-domu","7":"product_cat-liquore-di-mirto","8":"product_cat-liquore-sardo","9":"product_tag-mirto","11":"first","12":"instock","13":"shipping-taxable","14":"purchasable","15":"product-type-simple","16":"col-xs-6 col-sm-4","17":"col-md-3 col-lg-3","18":"un-4-cols"},"_links":{"self":[{"href":"https:\/\/www.ladymsardegna.com\/es\/wp-json\/wp\/v2\/product\/11803","targetHints":{"allow":["GET"]}}],"collection":[{"href":"https:\/\/www.ladymsardegna.com\/es\/wp-json\/wp\/v2\/product"}],"about":[{"href":"https:\/\/www.ladymsardegna.com\/es\/wp-json\/wp\/v2\/types\/product"}],"replies":[{"embeddable":true,"href":"https:\/\/www.ladymsardegna.com\/es\/wp-json\/wp\/v2\/comments?post=11803"}],"wp:featuredmedia":[{"embeddable":true,"href":"https:\/\/www.ladymsardegna.com\/es\/wp-json\/wp\/v2\/media\/11804"}],"wp:attachment":[{"href":"https:\/\/www.ladymsardegna.com\/es\/wp-json\/wp\/v2\/media?parent=11803"}],"wp:term":[{"taxonomy":"product_cat","embeddable":true,"href":"https:\/\/www.ladymsardegna.com\/es\/wp-json\/wp\/v2\/product_cat?post=11803"},{"taxonomy":"product_tag","embeddable":true,"href":"https:\/\/www.ladymsardegna.com\/es\/wp-json\/wp\/v2\/product_tag?post=11803"}],"curies":[{"name":"wp","href":"https:\/\/api.w.org\/{rel}","templated":true}]}}