{"id":10176,"date":"2022-01-27T10:41:58","date_gmt":"2022-01-27T09:41:58","guid":{"rendered":"https:\/\/ladymsardegna.com\/?page_id=10176"},"modified":"2022-02-01T16:11:13","modified_gmt":"2022-02-01T15:11:13","slug":"cuchillos-hechos-a-mano","status":"publish","type":"page","link":"https:\/\/www.ladymsardegna.com\/es\/artigianato-sardo\/coltelli-artigianali\/","title":{"rendered":"Cuchillos artesanales"},"content":{"rendered":"\t\t<div data-elementor-type=\"wp-page\" data-elementor-id=\"10176\" class=\"elementor elementor-10176\" data-elementor-post-type=\"page\">\n\t\t\t\t\t\t<section class=\"elementor-section elementor-top-section elementor-element elementor-element-12a1ae3 elementor-section-content-middle elementor-section-boxed elementor-section-height-default elementor-section-height-default\" data-id=\"12a1ae3\" data-element_type=\"section\" data-e-type=\"section\" data-settings=\"{&quot;jet_parallax_layout_list&quot;:[{&quot;jet_parallax_layout_image&quot;:{&quot;url&quot;:&quot;&quot;,&quot;id&quot;:&quot;&quot;,&quot;size&quot;:&quot;&quot;},&quot;_id&quot;:&quot;4d8e2ba&quot;,&quot;jet_parallax_layout_image_tablet&quot;:{&quot;url&quot;:&quot;&quot;,&quot;id&quot;:&quot;&quot;,&quot;size&quot;:&quot;&quot;},&quot;jet_parallax_layout_image_mobile&quot;:{&quot;url&quot;:&quot;&quot;,&quot;id&quot;:&quot;&quot;,&quot;size&quot;:&quot;&quot;},&quot;jet_parallax_layout_speed&quot;:{&quot;unit&quot;:&quot;%&quot;,&quot;size&quot;:50,&quot;sizes&quot;:[]},&quot;jet_parallax_layout_type&quot;:&quot;scroll&quot;,&quot;jet_parallax_layout_direction&quot;:&quot;1&quot;,&quot;jet_parallax_layout_fx_direction&quot;:null,&quot;jet_parallax_layout_z_index&quot;:&quot;&quot;,&quot;jet_parallax_layout_bg_x&quot;:50,&quot;jet_parallax_layout_bg_x_tablet&quot;:&quot;&quot;,&quot;jet_parallax_layout_bg_x_mobile&quot;:&quot;&quot;,&quot;jet_parallax_layout_bg_y&quot;:50,&quot;jet_parallax_layout_bg_y_tablet&quot;:&quot;&quot;,&quot;jet_parallax_layout_bg_y_mobile&quot;:&quot;&quot;,&quot;jet_parallax_layout_bg_size&quot;:&quot;auto&quot;,&quot;jet_parallax_layout_bg_size_tablet&quot;:&quot;&quot;,&quot;jet_parallax_layout_bg_size_mobile&quot;:&quot;&quot;,&quot;jet_parallax_layout_animation_prop&quot;:&quot;transform&quot;,&quot;jet_parallax_layout_on&quot;:[&quot;desktop&quot;,&quot;tablet&quot;]}]}\">\n\t\t\t\t\t\t<div class=\"elementor-container elementor-column-gap-default\">\n\t\t\t\t\t<div class=\"elementor-column elementor-col-50 elementor-top-column elementor-element elementor-element-4d7c58c\" data-id=\"4d7c58c\" data-element_type=\"column\" data-e-type=\"column\">\n\t\t\t<div class=\"elementor-widget-wrap elementor-element-populated\">\n\t\t\t\t\t\t<div class=\"elementor-element elementor-element-510be07 elementor-widget-divider--view-line elementor-widget elementor-widget-divider\" data-id=\"510be07\" data-element_type=\"widget\" data-e-type=\"widget\" data-widget_type=\"divider.default\">\n\t\t\t\t<div class=\"elementor-widget-container\">\n\t\t\t\t\t\t\t<div class=\"elementor-divider\">\n\t\t\t<span class=\"elementor-divider-separator\">\n\t\t\t\t\t\t<\/span>\n\t\t<\/div>\n\t\t\t\t\t\t<\/div>\n\t\t\t\t<\/div>\n\t\t\t\t<div class=\"elementor-element elementor-element-8d1053d elementor-widget elementor-widget-heading\" data-id=\"8d1053d\" data-element_type=\"widget\" data-e-type=\"widget\" data-widget_type=\"heading.default\">\n\t\t\t\t<div class=\"elementor-widget-container\">\n\t\t\t\t\t<h1 class=\"elementor-heading-title elementor-size-default\">Coltelli fatti a mano<\/h1>\t\t\t\t<\/div>\n\t\t\t\t<\/div>\n\t\t\t\t<div class=\"elementor-element elementor-element-c8b2d9b elementor-widget elementor-widget-text-editor\" data-id=\"c8b2d9b\" data-element_type=\"widget\" data-e-type=\"widget\" data-widget_type=\"text-editor.default\">\n\t\t\t\t<div class=\"elementor-widget-container\">\n\t\t\t\t\t\t\t\t\t<p>Arbus, Pattada, Dorgali, Santu Lussurgiu<\/p>\t\t\t\t\t\t\t\t<\/div>\n\t\t\t\t<\/div>\n\t\t\t\t\t<\/div>\n\t\t<\/div>\n\t\t\t\t<div class=\"elementor-column elementor-col-50 elementor-top-column elementor-element elementor-element-1d27295\" data-id=\"1d27295\" data-element_type=\"column\" data-e-type=\"column\">\n\t\t\t<div class=\"elementor-widget-wrap elementor-element-populated\">\n\t\t\t\t\t\t<div class=\"elementor-element elementor-element-b12a2ea elementor-widget elementor-widget-image\" data-id=\"b12a2ea\" data-element_type=\"widget\" data-e-type=\"widget\" data-widget_type=\"image.default\">\n\t\t\t\t<div class=\"elementor-widget-container\">\n\t\t\t\t\t\t\t\t\t\t\t\t\t\t\t<img fetchpriority=\"high\" decoding=\"async\" width=\"840\" height=\"630\" src=\"https:\/\/www.ladymsardegna.com\/wp-content\/uploads\/2022\/01\/Coltelli-Sardi-2-1024x768.jpg\" class=\"attachment-large size-large wp-image-10181\" alt=\"\" srcset=\"https:\/\/www.ladymsardegna.com\/wp-content\/uploads\/2022\/01\/Coltelli-Sardi-2-1024x768.jpg 1024w, https:\/\/www.ladymsardegna.com\/wp-content\/uploads\/2022\/01\/Coltelli-Sardi-2-300x225.jpg 300w, https:\/\/www.ladymsardegna.com\/wp-content\/uploads\/2022\/01\/Coltelli-Sardi-2-768x576.jpg 768w, https:\/\/www.ladymsardegna.com\/wp-content\/uploads\/2022\/01\/Coltelli-Sardi-2-370x278.jpg 370w, https:\/\/www.ladymsardegna.com\/wp-content\/uploads\/2022\/01\/Coltelli-Sardi-2-600x450.jpg 600w, https:\/\/www.ladymsardegna.com\/wp-content\/uploads\/2022\/01\/Coltelli-Sardi-2.jpg 1200w\" sizes=\"(max-width: 840px) 100vw, 840px\" title=\"\">\t\t\t\t\t\t\t\t\t\t\t\t\t\t\t<\/div>\n\t\t\t\t<\/div>\n\t\t\t\t\t<\/div>\n\t\t<\/div>\n\t\t\t\t\t<\/div>\n\t\t<\/section>\n\t\t\t\t<section class=\"elementor-section elementor-top-section elementor-element elementor-element-acb7c33 elementor-section-boxed elementor-section-height-default elementor-section-height-default\" data-id=\"acb7c33\" data-element_type=\"section\" data-e-type=\"section\" data-settings=\"{&quot;jet_parallax_layout_list&quot;:[{&quot;jet_parallax_layout_image&quot;:{&quot;url&quot;:&quot;&quot;,&quot;id&quot;:&quot;&quot;,&quot;size&quot;:&quot;&quot;},&quot;_id&quot;:&quot;2e01bb4&quot;,&quot;jet_parallax_layout_image_tablet&quot;:{&quot;url&quot;:&quot;&quot;,&quot;id&quot;:&quot;&quot;,&quot;size&quot;:&quot;&quot;},&quot;jet_parallax_layout_image_mobile&quot;:{&quot;url&quot;:&quot;&quot;,&quot;id&quot;:&quot;&quot;,&quot;size&quot;:&quot;&quot;},&quot;jet_parallax_layout_speed&quot;:{&quot;unit&quot;:&quot;%&quot;,&quot;size&quot;:50,&quot;sizes&quot;:[]},&quot;jet_parallax_layout_type&quot;:&quot;scroll&quot;,&quot;jet_parallax_layout_direction&quot;:&quot;1&quot;,&quot;jet_parallax_layout_fx_direction&quot;:null,&quot;jet_parallax_layout_z_index&quot;:&quot;&quot;,&quot;jet_parallax_layout_bg_x&quot;:50,&quot;jet_parallax_layout_bg_x_tablet&quot;:&quot;&quot;,&quot;jet_parallax_layout_bg_x_mobile&quot;:&quot;&quot;,&quot;jet_parallax_layout_bg_y&quot;:50,&quot;jet_parallax_layout_bg_y_tablet&quot;:&quot;&quot;,&quot;jet_parallax_layout_bg_y_mobile&quot;:&quot;&quot;,&quot;jet_parallax_layout_bg_size&quot;:&quot;auto&quot;,&quot;jet_parallax_layout_bg_size_tablet&quot;:&quot;&quot;,&quot;jet_parallax_layout_bg_size_mobile&quot;:&quot;&quot;,&quot;jet_parallax_layout_animation_prop&quot;:&quot;transform&quot;,&quot;jet_parallax_layout_on&quot;:[&quot;desktop&quot;,&quot;tablet&quot;]}]}\">\n\t\t\t\t\t\t<div class=\"elementor-container elementor-column-gap-default\">\n\t\t\t\t\t<div class=\"elementor-column elementor-col-100 elementor-top-column elementor-element elementor-element-82b5c64\" data-id=\"82b5c64\" data-element_type=\"column\" data-e-type=\"column\">\n\t\t\t<div class=\"elementor-widget-wrap elementor-element-populated\">\n\t\t\t\t\t\t<div class=\"elementor-element elementor-element-8766fee elementor-widget elementor-widget-martfury-product-tabs-carousel\" data-id=\"8766fee\" data-element_type=\"widget\" data-e-type=\"widget\" data-widget_type=\"martfury-product-tabs-carousel.default\">\n\t\t\t\t<div class=\"elementor-widget-container\">\n\t\t\t\t\t        <div class=\"mf-products-tabs mf-products-tabs-carousel woocommerce mf-elementor-navigation navigation-dots navigation-tablet-dots navigation-mobile-dots \" data-settings=\"{&quot;infinite&quot;:&quot;yes&quot;,&quot;autoplay&quot;:&quot;no&quot;,&quot;autoplay_speed&quot;:3000,&quot;speed&quot;:800,&quot;slidesToScroll&quot;:&quot;5&quot;,&quot;slidesToShow&quot;:&quot;5&quot;,&quot;slidesToScroll_tablet&quot;:3,&quot;slidesToScroll_mobile&quot;:2,&quot;slidesToShow_tablet&quot;:3,&quot;slidesToShow_mobile&quot;:2}\">\r\n\t\t\t\t\t\t\t                <div class=\"mf-products-tabs-loading\" data-settings=\"{&quot;title&quot;:&quot;Prodotti in evidenza&quot;,&quot;title_size&quot;:&quot;h2&quot;,&quot;link&quot;:{&quot;url&quot;:&quot;&quot;,&quot;is_external&quot;:false,&quot;nofollow&quot;:false,&quot;custom_attributes&quot;:&quot;&quot;},&quot;product_tabs_source&quot;:&quot;product_cats&quot;,&quot;special_products_tabs&quot;:null,&quot;product_cats_tabs&quot;:[{&quot;_id&quot;:&quot;b3802b2&quot;,&quot;product_cat&quot;:&quot;pattada&quot;},{&quot;_id&quot;:&quot;809966d&quot;,&quot;product_cat&quot;:&quot;arburesa&quot;},{&quot;_id&quot;:&quot;d714bba&quot;,&quot;product_cat&quot;:&quot;fluminesa&quot;},{&quot;_id&quot;:&quot;3428e42&quot;,&quot;product_cat&quot;:&quot;sculture&quot;}],&quot;product_tabs_view_all_tab&quot;:null,&quot;product_tabs_text_all&quot;:null,&quot;heading_type&quot;:&quot;layout-1&quot;,&quot;view_all_text&quot;:&quot;Vedi tutti&quot;,&quot;all_link&quot;:{&quot;url&quot;:&quot;\\\/categoria-prodotto\\\/coltelli-sardi\\\/&quot;,&quot;is_external&quot;:true,&quot;nofollow&quot;:true,&quot;custom_attributes&quot;:&quot;&quot;},&quot;product_cats&quot;:null,&quot;per_page&quot;:&quot;&quot;,&quot;products&quot;:&quot;recent&quot;,&quot;orderby&quot;:&quot;&quot;,&quot;order&quot;:&quot;&quot;,&quot;navigation&quot;:&quot;dots&quot;,&quot;navigation_tablet&quot;:&quot;dots&quot;,&quot;navigation_mobile&quot;:&quot;dots&quot;,&quot;columns&quot;:&quot;5&quot;,&quot;slidesToScroll&quot;:&quot;5&quot;,&quot;slidesToScroll_tablet&quot;:3,&quot;slidesToScroll_mobile&quot;:2,&quot;slidesToShow_tablet&quot;:3,&quot;slidesToShow_mobile&quot;:2,&quot;infinite&quot;:&quot;yes&quot;,&quot;autoplay&quot;:&quot;no&quot;,&quot;autoplay_speed&quot;:3000,&quot;speed&quot;:800,&quot;lazy_loading&quot;:&quot;yes&quot;}\">\r\n                    <div class=\"mf-vc-loading\">\r\n                        <div class=\"mf-vc-loading--wrapper\"><\/div>\r\n                    <\/div>\r\n                <\/div>\r\n\t\t\t        <\/div>\r\n\t\t\t\t\t\t<\/div>\n\t\t\t\t<\/div>\n\t\t\t\t\t<\/div>\n\t\t<\/div>\n\t\t\t\t\t<\/div>\n\t\t<\/section>\n\t\t\t\t<section class=\"elementor-section elementor-top-section elementor-element elementor-element-9c939b1 elementor-section-content-middle elementor-section-boxed elementor-section-height-default elementor-section-height-default\" data-id=\"9c939b1\" data-element_type=\"section\" data-e-type=\"section\" data-settings=\"{&quot;jet_parallax_layout_list&quot;:[{&quot;jet_parallax_layout_image&quot;:{&quot;url&quot;:&quot;&quot;,&quot;id&quot;:&quot;&quot;,&quot;size&quot;:&quot;&quot;},&quot;_id&quot;:&quot;d87c8bf&quot;,&quot;jet_parallax_layout_image_tablet&quot;:{&quot;url&quot;:&quot;&quot;,&quot;id&quot;:&quot;&quot;,&quot;size&quot;:&quot;&quot;},&quot;jet_parallax_layout_image_mobile&quot;:{&quot;url&quot;:&quot;&quot;,&quot;id&quot;:&quot;&quot;,&quot;size&quot;:&quot;&quot;},&quot;jet_parallax_layout_speed&quot;:{&quot;unit&quot;:&quot;%&quot;,&quot;size&quot;:50,&quot;sizes&quot;:[]},&quot;jet_parallax_layout_type&quot;:&quot;scroll&quot;,&quot;jet_parallax_layout_direction&quot;:&quot;1&quot;,&quot;jet_parallax_layout_fx_direction&quot;:null,&quot;jet_parallax_layout_z_index&quot;:&quot;&quot;,&quot;jet_parallax_layout_bg_x&quot;:50,&quot;jet_parallax_layout_bg_x_tablet&quot;:&quot;&quot;,&quot;jet_parallax_layout_bg_x_mobile&quot;:&quot;&quot;,&quot;jet_parallax_layout_bg_y&quot;:50,&quot;jet_parallax_layout_bg_y_tablet&quot;:&quot;&quot;,&quot;jet_parallax_layout_bg_y_mobile&quot;:&quot;&quot;,&quot;jet_parallax_layout_bg_size&quot;:&quot;auto&quot;,&quot;jet_parallax_layout_bg_size_tablet&quot;:&quot;&quot;,&quot;jet_parallax_layout_bg_size_mobile&quot;:&quot;&quot;,&quot;jet_parallax_layout_animation_prop&quot;:&quot;transform&quot;,&quot;jet_parallax_layout_on&quot;:[&quot;desktop&quot;,&quot;tablet&quot;]}]}\">\n\t\t\t\t\t\t<div class=\"elementor-container elementor-column-gap-default\">\n\t\t\t\t\t<div class=\"elementor-column elementor-col-50 elementor-top-column elementor-element elementor-element-5cf2e5e\" data-id=\"5cf2e5e\" data-element_type=\"column\" data-e-type=\"column\">\n\t\t\t<div class=\"elementor-widget-wrap elementor-element-populated\">\n\t\t\t\t\t\t<div class=\"elementor-element elementor-element-f556148 elementor-widget elementor-widget-heading\" data-id=\"f556148\" data-element_type=\"widget\" data-e-type=\"widget\" data-widget_type=\"heading.default\">\n\t\t\t\t<div class=\"elementor-widget-container\">\n\t\t\t\t\t<h2 class=\"elementor-heading-title elementor-size-default\">Coltelli sardi online come sceglierli?<\/h2>\t\t\t\t<\/div>\n\t\t\t\t<\/div>\n\t\t\t\t<div class=\"elementor-element elementor-element-c7a5247 elementor-widget elementor-widget-text-editor\" data-id=\"c7a5247\" data-element_type=\"widget\" data-e-type=\"widget\" data-widget_type=\"text-editor.default\">\n\t\t\t\t<div class=\"elementor-widget-container\">\n\t\t\t\t\t\t\t\t\t<p><strong>La resolza\/arresoja<\/strong>: \u00e8 il coltello a serramanico sardo, che assume nomi e forme diverse a seconda della regione interna di produzione ed uso. Pattada, Arbus, Dorgali, Guspini, Santu Lussurgiu ed altri.<\/p><p><strong>Pattadese:<\/strong> la lama \u201ca foglia di mirto\u201d, corno di montone o muflone, il collarino non avvolge completamente il manico nella parte inferiore, la lama dovrebbe essere leggermente pi\u00f9 lunga del manico.\u00a0<\/p>\t\t\t\t\t\t\t\t<\/div>\n\t\t\t\t<\/div>\n\t\t\t\t\t<\/div>\n\t\t<\/div>\n\t\t\t\t<div class=\"elementor-column elementor-col-50 elementor-top-column elementor-element elementor-element-73d50cc\" data-id=\"73d50cc\" data-element_type=\"column\" data-e-type=\"column\">\n\t\t\t<div class=\"elementor-widget-wrap elementor-element-populated\">\n\t\t\t\t\t\t<div class=\"elementor-element elementor-element-c7600c7 elementor-widget elementor-widget-image\" data-id=\"c7600c7\" data-element_type=\"widget\" data-e-type=\"widget\" data-widget_type=\"image.default\">\n\t\t\t\t<div class=\"elementor-widget-container\">\n\t\t\t\t\t\t\t\t\t\t\t\t\t\t\t<img decoding=\"async\" width=\"600\" height=\"400\" src=\"https:\/\/www.ladymsardegna.com\/wp-content\/uploads\/2022\/01\/arburesa-ladym.jpg\" class=\"attachment-large size-large wp-image-10185\" alt=\"\" srcset=\"https:\/\/www.ladymsardegna.com\/wp-content\/uploads\/2022\/01\/arburesa-ladym.jpg 600w, https:\/\/www.ladymsardegna.com\/wp-content\/uploads\/2022\/01\/arburesa-ladym-300x200.jpg 300w, https:\/\/www.ladymsardegna.com\/wp-content\/uploads\/2022\/01\/arburesa-ladym-370x247.jpg 370w\" sizes=\"(max-width: 600px) 100vw, 600px\" title=\"\">\t\t\t\t\t\t\t\t\t\t\t\t\t\t\t<\/div>\n\t\t\t\t<\/div>\n\t\t\t\t\t<\/div>\n\t\t<\/div>\n\t\t\t\t\t<\/div>\n\t\t<\/section>\n\t\t\t\t<section class=\"elementor-section elementor-top-section elementor-element elementor-element-9178a01 elementor-section-content-middle elementor-reverse-mobile elementor-section-boxed elementor-section-height-default elementor-section-height-default\" data-id=\"9178a01\" data-element_type=\"section\" data-e-type=\"section\" data-settings=\"{&quot;jet_parallax_layout_list&quot;:[{&quot;jet_parallax_layout_image&quot;:{&quot;url&quot;:&quot;&quot;,&quot;id&quot;:&quot;&quot;,&quot;size&quot;:&quot;&quot;},&quot;_id&quot;:&quot;d87c8bf&quot;,&quot;jet_parallax_layout_image_tablet&quot;:{&quot;url&quot;:&quot;&quot;,&quot;id&quot;:&quot;&quot;,&quot;size&quot;:&quot;&quot;},&quot;jet_parallax_layout_image_mobile&quot;:{&quot;url&quot;:&quot;&quot;,&quot;id&quot;:&quot;&quot;,&quot;size&quot;:&quot;&quot;},&quot;jet_parallax_layout_speed&quot;:{&quot;unit&quot;:&quot;%&quot;,&quot;size&quot;:50,&quot;sizes&quot;:[]},&quot;jet_parallax_layout_type&quot;:&quot;scroll&quot;,&quot;jet_parallax_layout_direction&quot;:&quot;1&quot;,&quot;jet_parallax_layout_fx_direction&quot;:null,&quot;jet_parallax_layout_z_index&quot;:&quot;&quot;,&quot;jet_parallax_layout_bg_x&quot;:50,&quot;jet_parallax_layout_bg_x_tablet&quot;:&quot;&quot;,&quot;jet_parallax_layout_bg_x_mobile&quot;:&quot;&quot;,&quot;jet_parallax_layout_bg_y&quot;:50,&quot;jet_parallax_layout_bg_y_tablet&quot;:&quot;&quot;,&quot;jet_parallax_layout_bg_y_mobile&quot;:&quot;&quot;,&quot;jet_parallax_layout_bg_size&quot;:&quot;auto&quot;,&quot;jet_parallax_layout_bg_size_tablet&quot;:&quot;&quot;,&quot;jet_parallax_layout_bg_size_mobile&quot;:&quot;&quot;,&quot;jet_parallax_layout_animation_prop&quot;:&quot;transform&quot;,&quot;jet_parallax_layout_on&quot;:[&quot;desktop&quot;,&quot;tablet&quot;]}]}\">\n\t\t\t\t\t\t<div class=\"elementor-container elementor-column-gap-default\">\n\t\t\t\t\t<div class=\"elementor-column elementor-col-50 elementor-top-column elementor-element elementor-element-8836056\" data-id=\"8836056\" data-element_type=\"column\" data-e-type=\"column\">\n\t\t\t<div class=\"elementor-widget-wrap elementor-element-populated\">\n\t\t\t\t\t\t<div class=\"elementor-element elementor-element-577b322 elementor-widget elementor-widget-image\" data-id=\"577b322\" data-element_type=\"widget\" data-e-type=\"widget\" data-widget_type=\"image.default\">\n\t\t\t\t<div class=\"elementor-widget-container\">\n\t\t\t\t\t\t\t\t\t\t\t\t\t\t\t<img decoding=\"async\" width=\"600\" height=\"400\" src=\"https:\/\/www.ladymsardegna.com\/wp-content\/uploads\/2022\/01\/scuoio-lady-m.jpg\" class=\"attachment-large size-large wp-image-10186\" alt=\"\" srcset=\"https:\/\/www.ladymsardegna.com\/wp-content\/uploads\/2022\/01\/scuoio-lady-m.jpg 600w, https:\/\/www.ladymsardegna.com\/wp-content\/uploads\/2022\/01\/scuoio-lady-m-300x200.jpg 300w, https:\/\/www.ladymsardegna.com\/wp-content\/uploads\/2022\/01\/scuoio-lady-m-370x247.jpg 370w\" sizes=\"(max-width: 600px) 100vw, 600px\" title=\"\">\t\t\t\t\t\t\t\t\t\t\t\t\t\t\t<\/div>\n\t\t\t\t<\/div>\n\t\t\t\t\t<\/div>\n\t\t<\/div>\n\t\t\t\t<div class=\"elementor-column elementor-col-50 elementor-top-column elementor-element elementor-element-a42c623\" data-id=\"a42c623\" data-element_type=\"column\" data-e-type=\"column\">\n\t\t\t<div class=\"elementor-widget-wrap elementor-element-populated\">\n\t\t\t\t\t\t<div class=\"elementor-element elementor-element-f466778 elementor-widget elementor-widget-heading\" data-id=\"f466778\" data-element_type=\"widget\" data-e-type=\"widget\" data-widget_type=\"heading.default\">\n\t\t\t\t<div class=\"elementor-widget-container\">\n\t\t\t\t\t<h2 class=\"elementor-heading-title elementor-size-default\">Lussurzese, Arburesa, Dorgalese<\/h2>\t\t\t\t<\/div>\n\t\t\t\t<\/div>\n\t\t\t\t<div class=\"elementor-element elementor-element-cdbf293 elementor-widget elementor-widget-text-editor\" data-id=\"cdbf293\" data-element_type=\"widget\" data-e-type=\"widget\" data-widget_type=\"text-editor.default\">\n\t\t\t\t<div class=\"elementor-widget-container\">\n\t\t\t\t\t\t\t\t\t<p><strong>Arburesa:<\/strong> dalla lama panciuta, o a foglia larga, \u00e8 uno dei migliori coltelli da scuoio. Indispensabile per chi va a caccia di cinghiale. Manico in corno di muflone e lama in acciaio rendono il coltello un utensile da cucina perfetto.<\/p><p><strong>Coltello Lussurgese:<\/strong> un\u2019altra scuola di abili coltellai \u00e8 quella di questo paese del Montiferru; la lussurzesa ha una lama a foglia, manico in corno di muflone o montone.\u00a0<\/p>\t\t\t\t\t\t\t\t<\/div>\n\t\t\t\t<\/div>\n\t\t\t\t\t<\/div>\n\t\t<\/div>\n\t\t\t\t\t<\/div>\n\t\t<\/section>\n\t\t\t\t<\/div>\n\t\t","protected":false},"excerpt":{"rendered":"<p>Cuchillos artesanales Arbus, Pattada, Dorgali, Santu Lussurgiu Cuchillos sardos online \u00bfc\u00f3mo elegirlos? La resolza\/arresoja: es el cuchillo plegable sardo, que adopta diferentes nombres y formas seg\u00fan la regi\u00f3n interior de producci\u00f3n y uso. Pattada, Arbus, Dorgali, Guspini, Santu Lussurgiu y otros. Pattadese: la hoja 'hoja de mirto', cuerno de carnero, ...<\/p>","protected":false},"author":2,"featured_media":0,"parent":10141,"menu_order":0,"comment_status":"closed","ping_status":"closed","template":"","meta":{"footnotes":""},"class_list":["post-10176","page","type-page","status-publish","hentry"],"_links":{"self":[{"href":"https:\/\/www.ladymsardegna.com\/es\/wp-json\/wp\/v2\/pages\/10176","targetHints":{"allow":["GET"]}}],"collection":[{"href":"https:\/\/www.ladymsardegna.com\/es\/wp-json\/wp\/v2\/pages"}],"about":[{"href":"https:\/\/www.ladymsardegna.com\/es\/wp-json\/wp\/v2\/types\/page"}],"author":[{"embeddable":true,"href":"https:\/\/www.ladymsardegna.com\/es\/wp-json\/wp\/v2\/users\/2"}],"replies":[{"embeddable":true,"href":"https:\/\/www.ladymsardegna.com\/es\/wp-json\/wp\/v2\/comments?post=10176"}],"version-history":[{"count":0,"href":"https:\/\/www.ladymsardegna.com\/es\/wp-json\/wp\/v2\/pages\/10176\/revisions"}],"up":[{"embeddable":true,"href":"https:\/\/www.ladymsardegna.com\/es\/wp-json\/wp\/v2\/pages\/10141"}],"wp:attachment":[{"href":"https:\/\/www.ladymsardegna.com\/es\/wp-json\/wp\/v2\/media?parent=10176"}],"curies":[{"name":"wp","href":"https:\/\/api.w.org\/{rel}","templated":true}]}}